{"id":75,"date":"2024-02-11T00:29:23","date_gmt":"2024-02-10T21:29:23","guid":{"rendered":"https:\/\/golden-doctor.com\/?page_id=75"},"modified":"2024-02-11T00:29:23","modified_gmt":"2024-02-10T21:29:23","slug":"cerez-politakasi","status":"publish","type":"page","link":"https:\/\/golden-doctor.com\/index.php\/cerez-politakasi\/","title":{"rendered":"\u00c7erez Politakas\u0131"},"content":{"rendered":"\n<p><strong>\u00c7EREZ POL\u0130T\u0130KASI<\/strong><br>Web sitemizi her ziyaretinizde eri\u015fim ve kullan\u0131mlar\u0131n\u0131z\u0131 g\u00f6steren bilgiler sitemizi kullan\u0131\u015fl\u0131, etkili,<br>g\u00fcvenli hale getirmek ve size daha iyi hizmet verebilmek amac\u0131yla \u00e7e\u015fitli veri elde etme ara\u00e7lar\u0131 ile<br>veya bizim ad\u0131m\u0131za faaliyet g\u00f6steren i\u015f ortalar\u0131m\u0131z olan \u00fc\u00e7\u00fcnc\u00fc ki\u015filer taraf\u0131ndan ilgili teknolojiler<br>kullan\u0131larak verileriniz toplan\u0131r ve hukuka uygun olarak i\u015flenir.<br><strong>\u00c7erez (\u201cCookie\u201d) Nedir?<\/strong> <\/p>\n\n\n\n<p>\u00c7erezler, bir web sayfas\u0131 ziyaret edildi\u011fi zaman taray\u0131c\u0131lardaki<br>kullan\u0131c\u0131lar\u0131n depoland\u0131\u011f\u0131 genelde harf ve rakamlardan olu\u015fan \u00e7ok k\u00fc\u00e7\u00fck metin dosyalar\u0131d\u0131r. Ki\u015filerin<br>web siteleri \u00fczerinde arad\u0131klar\u0131n\u0131 taray\u0131c\u0131 ge\u00e7mi\u015finde kay\u0131t tutar. Site \u00fczerindeki hareketleri taray\u0131c\u0131<br>kay\u0131tlar\u0131nda tutarak bir web sitesine izin verir. \u00c7erezler, web sitelerine ayn\u0131 ziyaret\u00e7inin siteyi yeniden<br>ziyaret etti\u011fini g\u00f6steren kimlik kartlar\u0131na benzetilebilir. \u00c7erezler, ziyaret\u00e7ilere ili\u015fkin isim, cinsiyet<br>veya adres gibi ki\u015fisel verileri i\u00e7ermezler.<br><strong>\u00c7erezlerin \u00c7e\u015fitleri ve Kullan\u0131m Ama\u00e7lar\u0131<\/strong> <\/p>\n\n\n\n<p>Site sahibi taraf\u0131ndan y\u00f6netilen \u00c7erezler, Web sitesi \u00c7erezi olarak adland\u0131r\u0131lmaktad\u0131r. Bunun d\u0131\u015f\u0131nda farkl\u0131 firmalar taraf\u0131ndan y\u00f6netilen \u00fc\u00e7\u00fcnc\u00fc taraf<br>\u00c7erezlerinde kullan\u0131labilmektedir. Oturum \u00c7erezleri ziyaret\u00e7inin web sitesini terk etmesiyle birlikte<br>silinirken, kal\u0131c\u0131 \u00c7erezler de\u011fi\u015fen s\u00fcrelerle ziyaret\u00e7ilerin cihazlar\u0131nda kalmaktad\u0131r. Teknik \u00c7erezler,<br>do\u011frulama \u00c7erezleri, hedefleme\/reklam \u00c7erezleri, ki\u015fiselle\u015ftirme \u00c7erezleri ve analitik \u00c7erezlerde<br>kullan\u0131m amac\u0131na g\u00f6re \u00e7e\u015fitlendirebilece\u011fimiz \u00c7erezlerdir. \u00c7erezler web sitesinin \u00e7al\u0131\u015fmas\u0131 i\u00e7in<br>gerekli temel fonksiyonlar\u0131 ger\u00e7ekle\u015ftirmek, web sitesi analiz etmek ve performans\u0131n\u0131 artt\u0131rmak, web<br>sitesinin i\u015flevselli\u011fini artt\u0131rmak ve kullan\u0131m kolayl\u0131\u011f\u0131 sa\u011flamak ve ki\u015fiselle\u015ftirmesi hedefleme ve<br>reklamc\u0131l\u0131k faaliyeti ger\u00e7ekle\u015ftirmek i\u00e7in kullan\u0131labilmektedir.<br>Web sayfam\u0131z\u0131 ziyaret etti\u011finizde sayfam\u0131zda kulland\u0131\u011f\u0131m\u0131z\/kullanaca\u011f\u0131m\u0131z \u00e7erezlerle ile ilgili olarak<br>a\u015fa\u011f\u0131daki bilgileri dikkatinize sunmaktay\u0131z.<\/p>\n\n\n\n<p><br><strong>Kulland\u0131\u011f\u0131m\u0131z \u00c7erez T\u00fcrleri<\/strong><br>Oturum \u00e7erezleri: Siteyi ziyaretiniz s\u00fcresinde kullan\u0131lan ve taray\u0131c\u0131y\u0131 kapatt\u0131\u011f\u0131n\u0131zda silinen ge\u00e7ici<br>\u00e7erezlerdir. Bu \u00e7erezler ziyaretiniz esnas\u0131nda sitenin d\u00fczg\u00fcn bir bi\u00e7imde \u00e7al\u0131\u015fmas\u0131n\u0131 sa\u011flar.<br>Kal\u0131c\u0131 \u00e7erezler: Sitenin i\u015flevselli\u011fini artt\u0131rmak, ziyaret\u00e7ilere daha h\u0131zl\u0131 ve iyi bir hizmet sunmak i\u00e7in<br>kullan\u0131l\u0131r. Bu \u00e7erezler tercihlerinizi hat\u0131rlamak i\u00e7in kullan\u0131l\u0131r ve taray\u0131c\u0131n\u0131z arac\u0131l\u0131\u011f\u0131yla depolan\u0131r. Baz\u0131<br>kal\u0131c\u0131 \u00e7erezler siteyi kullan\u0131m al\u0131\u015fkanl\u0131klar\u0131n\u0131z g\u00f6z \u00f6n\u00fcne al\u0131narak size \u00f6zel \u00f6neriler sunulmas\u0131 i\u00e7in<br>kullan\u0131l\u0131r. Sitemizi ayn\u0131 cihazla tekrar ziyaret etti\u011finizde, cihaz\u0131n\u0131zda daha \u00f6nceden olu\u015fturulmu\u015f bir<br>\u00e7erez varsa, sizin siteyi daha \u00f6nce ziyaret etti\u011finiz anla\u015f\u0131l\u0131r ve size iletilecek i\u00e7erik \u00f6zelle\u015ftirilerek daha<br>iyi hizmet alman\u0131z sa\u011flan\u0131r.<br>Teknik \u00e7erezler: Sitenin \u00e7al\u0131\u015fmas\u0131n\u0131 sa\u011flaman\u0131n yan\u0131 s\u0131ra, \u00e7al\u0131\u015fmayan alanlar\u0131 ve sayfalar\u0131n tespitinde<br>kullan\u0131l\u0131r.<br>Otantikasyon \u00e7erezleri: Siteye \u015fifrenizle giri\u015f yapman\u0131z durumunda, ziyaret etti\u011finiz her bir sayfada<br>\u015fifrenin yeniden girilmesini \u00f6nlemek i\u00e7in kullan\u0131l\u0131r.<br>Flash \u00e7erezleri: Sitedeki g\u00f6r\u00fcnt\u00fc ve ses i\u00e7eriklerini etkinle\u015ftirmek i\u00e7in kullan\u0131l\u0131r.<br>Ki\u015fiselle\u015ftirme \u00e7erezleri: Kullan\u0131c\u0131 tercihlerini (\u00f6rne\u011fin se\u00e7ilen dil tercihi) farkl\u0131 sitelerin farkl\u0131<br>sayfalar\u0131nda hat\u0131rlamak i\u00e7in kullan\u0131lan \u00e7erezlerdir.<br>Analitik \u00e7erezler: Siteyi ziyaret edenlerin say\u0131lar\u0131, g\u00f6r\u00fcnt\u00fclenen sayfalar\u0131n belirlenmesi, ziyaret saatleri,<br>sayfa kayd\u0131rma hareketleri gibi bilgileri g\u00f6sterir; sitenin i\u015fleyi\u015fini iyile\u015ftirmek i\u00e7in kullan\u0131l\u0131r.<\/p>\n\n\n\n<p><br><strong>\u00c7erezleri Kontrol Etme ve Silme:<\/strong><br>\u00c7erezlerin kullan\u0131m\u0131na ili\u015fkin tercihlerinizi de\u011fi\u015ftirmek ya da \u00e7erezleri engellemek veya silmek i\u00e7in<br>taray\u0131c\u0131n\u0131z\u0131n ayarlar\u0131n\u0131 de\u011fi\u015ftirmeniz yeterlidir. Bir\u00e7ok taray\u0131c\u0131 \u00e7erezleri kontrol edebilmeniz i\u00e7in size<br>\u00e7erezleri kabul etme veya reddetme, yaln\u0131zca belirli t\u00fcrdeki \u00e7erezleri kabul etme ya da bir internet sitesi<br>cihaz\u0131n\u0131za \u00e7erez depolamay\u0131 talep etti\u011finde taray\u0131c\u0131 taraf\u0131ndan uyar\u0131lma se\u00e7ene\u011fi sunar. Ayn\u0131 zamanda<br>daha \u00f6nce taray\u0131c\u0131n\u0131za kaydedilmi\u015f \u00e7erezlerin silinmesi de m\u00fcmk\u00fcnd\u00fcr. Ba\u015fl\u0131ca taray\u0131c\u0131lar\u0131n \u00e7erezlere<br>izin verme ya da \u00e7erezleri engelleme veya silme talimatlar\u0131na a\u015fa\u011f\u0131daki linklerden ula\u015f\u0131lmas\u0131<br>m\u00fcmk\u00fcnd\u00fcr:<br>Google Chrome https:\/\/support.google.com\/chrome\/answer\/95647?hl=tr<br>\u0130nternet Explorer https:\/\/support.microsoft.com\/tr-tr\/help\/17442\/windows-internet-explorer-deletemanage-cookies<br>Mozilla Firefox https:\/\/support.mozilla.org\/tr\/kb\/\u00c7erez%20Y\u00f6netimi<br>Opera http:\/\/www.opera.com\/help\/tutorials\/security\/privacy<br>Safari https:\/\/support.apple.com\/kb\/ph19214?locale=tr_TR<br><strong>\u00c7erez Tercihleri y\u00f6netimi<\/strong> <\/p>\n\n\n\n<p>Web sitemizin taraf\u0131n\u0131zca kullan\u0131ld\u0131\u011f\u0131 s\u00fcre\u00e7 boyunca sizin hangi ki\u015fisel<br>verilerinizin toplan\u0131laca\u011f\u0131 hususunda tercihleriniz bizim i\u00e7in son derece \u00f6nemlidir. Bununla birlikte<br>web sitelerinin etkin bir \u015fekilde \u00e7al\u0131\u015fmas\u0131 i\u00e7in \u00e7erezlerin kullan\u0131lmas\u0131 gerekli iken baz\u0131 \u00c7erezlerin<br>kapat\u0131lmas\u0131 halinde Web sitesinin \u00e7e\u015fitli fonksiyonlar\u0131n\u0131n \u00e7al\u0131\u015fmayabilece\u011fini hat\u0131rlat\u0131r\u0131z. Web sitemizi<br>g\u00f6r\u00fcnt\u00fcledi\u011finiz taray\u0131c\u0131 ayarlar\u0131n\u0131 de\u011fi\u015ftirerek tercihlerinizi ki\u015fiselle\u015ftirme hakk\u0131na sahipsiniz. E\u011fer<br>kulland\u0131\u011f\u0131n\u0131z taray\u0131c\u0131 bu imk\u00e2n\u0131 sunmaktaysa, taray\u0131c\u0131 ayarlar\u0131n\u0131z \u00fczerinden \u00c7erezlere ili\u015fkin tercihleri<br>de\u011fi\u015ftirmek m\u00fcmk\u00fcnd\u00fcr. B\u00f6ylece, taray\u0131c\u0131n\u0131n sunmu\u015f oldu\u011fu imkanlara g\u00f6re farkl\u0131l\u0131k g\u00f6sterebilmekle<br>birlikte, veri sahiplerinin \u00c7erezlerin kullan\u0131lmas\u0131n\u0131 engelleme, \u00c7erez kullan\u0131lmadan \u00f6nce uyar\u0131 almay\u0131<br>tercih etme veya sadece baz\u0131 \u00c7erezleri devre d\u0131\u015f\u0131 b\u0131rakma ya da silme imkanlar\u0131 bulunmaktad\u0131r. Bu<br>konudaki tercihler kulland\u0131\u011f\u0131n\u0131z taray\u0131c\u0131ya g\u00f6re de\u011fi\u015fmekte olup konu hakk\u0131nda ayarlar taraf\u0131n\u0131zca<br>yap\u0131lmal\u0131d\u0131r. \u00c7erezlere ili\u015fkin tercihleriniz, web sitemize eri\u015fim sa\u011flad\u0131\u011f\u0131n\u0131z her bir cihaz \u00f6zelinde ayr\u0131<br>ayr\u0131 yap\u0131lmas\u0131 gerekebilmektedir.<\/p>\n\n\n\n<p><br><strong>Hangi Haklara Sahipsiniz?<\/strong> <\/p>\n\n\n\n<p>6698 Say\u0131l\u0131 Ki\u015fisel Verilerin Korunmas\u0131 Kanunu\u2019nun 11. maddesi<br>uyar\u0131nca;<br>\uf0b7 Ki\u015fisel veri i\u015flenip i\u015flenmedi\u011fini \u00f6\u011frenme,<br>\uf0b7 Ki\u015fisel verileri i\u015flenmi\u015fse buna ili\u015fkin bilgi talep etme,<br>\uf0b7 Ki\u015fisel verilerin i\u015flenme amac\u0131n\u0131 ve bunlar\u0131n amac\u0131na uygun kullan\u0131l\u0131p kullan\u0131lmad\u0131\u011f\u0131n\u0131<br>\u00f6\u011frenme,<br>\uf0b7 Yurt i\u00e7inde veya yurt d\u0131\u015f\u0131nda ki\u015fisel verilerin aktar\u0131ld\u0131\u011f\u0131 \u00fc\u00e7\u00fcnc\u00fc ki\u015fileri bilme,<br>\uf0b7 Ki\u015fisel verilerin eksik veya yanl\u0131\u015f i\u015flenmi\u015f olmas\u0131 h\u00e2linde bunlar\u0131n d\u00fczeltilmesini isteme ve<br>bu kapsamda yap\u0131lan i\u015flemin ki\u015fisel verilerin aktar\u0131ld\u0131\u011f\u0131 \u00fc\u00e7\u00fcnc\u00fc ki\u015filere bildirilmesini isteme,<br>\uf0b7 Kanun ve ilgili di\u011fer kanun h\u00fck\u00fcmlerine uygun olarak i\u015flenmi\u015f olmas\u0131na ra\u011fmen, i\u015flenmesini<br>gerektiren sebeplerin ortadan kalkmas\u0131 h\u00e2linde ki\u015fisel verilerin silinmesini veya yok<br>edilmesini isteme ve bu kapsamda yap\u0131lan i\u015flemin ki\u015fisel verilerin aktar\u0131ld\u0131\u011f\u0131 \u00fc\u00e7\u00fcnc\u00fc ki\u015filere<br>bildirilmesini isteme,<br>\uf0b7 \u0130\u015flenen verilerin m\u00fcnhas\u0131ran otomatik sistemler vas\u0131tas\u0131yla analiz edilmesi suretiyle ki\u015finin<br>kendisi aleyhine bir sonucun ortaya \u00e7\u0131kmas\u0131na itiraz etme,<br>\uf0b7 Ki\u015fisel verilerin kanuna ayk\u0131r\u0131 olarak i\u015flenmesi sebebiyle zarara u\u011framas\u0131 h\u00e2linde zarar\u0131n<br>giderilmesini talep etme<br>Haklar\u0131na sahipsiniz. \u0130lgili haklar, sizin taraf\u0131n\u0131zdan (ki\u015fisel veri hakk\u0131 sahibi) yaz\u0131l\u0131 ya da kay\u0131tl\u0131<br>elektronik posta adresi \u00fczerinden taraf\u0131m\u0131za iletildi\u011finde her h\u00e2l\u00fck\u00e2rda 30 (otuz) g\u00fcn i\u00e7erinde<br>taraf\u0131m\u0131zca de\u011ferlendirilerek sonu\u00e7land\u0131r\u0131lacakt\u0131r. Taleplerinize ili\u015fkin olarak herhangi bir \u00fccret talep<br>edilmemesi esas olmakla birlikte, bizim taraf\u0131m\u0131zdan belirlenen, Ki\u015fisel Verileri Koruma Kurulu<br>taraf\u0131ndan belirlenen \u00fccret tarifesi \u00fczerinden \u00fccret talep etme hakk\u0131m\u0131z sakl\u0131 kalmaktad\u0131r. Konu<br>hakk\u0131nda detayl\u0131 bilgi ve ba\u015fvuru i\u00e7in web sayfam\u0131zda yay\u0131nlanan KVKK AYDINLATMA METN\u0130\u2019 ni<br>okuyunuz.<br><\/p>\n\n\n\n<p>R\u0131za ve Politika\u2019daki De\u011fi\u015fiklikler Politika ile size \u00c7erez kullan\u0131m\u0131 konusunda detayl\u0131 a\u00e7\u0131klama<br>sunmay\u0131 ve \u00c7erez tercihleri konusunda bilgilendirmede bulunmay\u0131 hedeflemekteyiz. Bu ba\u011flamda Golden Doctor web sayfas\u0131n\u0131 ziyaret ederek ve web sitesinde yer alan sayfalarda gezinerek, taraf\u0131n\u0131zca r\u0131za<br>verildi\u011fi kabul edilmektedir. \u00c7erez tercihlerinizi de\u011fi\u015ftirme imk\u00e2n\u0131n\u0131z her zaman sakl\u0131d\u0131r. Politika<br>h\u00fck\u00fcmleri dilendi\u011fi zaman taraf\u0131m\u0131zca her zaman de\u011fi\u015ftirilebilir. G\u00fcncel Politika Web sitemizde<br>yay\u0131nland\u0131\u011f\u0131 tarihte y\u00fcr\u00fcrl\u00fck kazan\u0131r.<\/p>\n","protected":false},"excerpt":{"rendered":"<p>\u00c7EREZ POL\u0130T\u0130KASIWeb sitemizi her ziyaretinizde eri\u015fim ve kullan\u0131mlar\u0131n\u0131z\u0131 g\u00f6steren bilgiler sitemizi kullan\u0131\u015fl\u0131, etkili,g\u00fcvenli hale getirmek ve size daha iyi hizmet verebilmek amac\u0131yla \u00e7e\u015fitli veri elde etme ara\u00e7lar\u0131 ileveya bizim ad\u0131m\u0131za faaliyet g\u00f6steren i\u015f ortalar\u0131m\u0131z olan \u00fc\u00e7\u00fcnc\u00fc ki\u015filer taraf\u0131ndan ilgili teknolojilerkullan\u0131larak verileriniz toplan\u0131r ve hukuka uygun olarak i\u015flenir.\u00c7erez (\u201cCookie\u201d) Nedir? \u00c7erezler, bir web sayfas\u0131 ziyaret edildi\u011fi&#8230;<\/p>\n","protected":false},"author":1,"featured_media":0,"parent":0,"menu_order":0,"comment_status":"closed","ping_status":"closed","template":"","meta":{"_kadence_starter_templates_imported_post":false,"_kad_post_transparent":"","_kad_post_title":"","_kad_post_layout":"","_kad_post_sidebar_id":"","_kad_post_content_style":"","_kad_post_vertical_padding":"","_kad_post_feature":"","_kad_post_feature_position":"","_kad_post_header":false,"_kad_post_footer":false,"footnotes":""},"_links":{"self":[{"href":"https:\/\/golden-doctor.com\/index.php\/wp-json\/wp\/v2\/pages\/75"}],"collection":[{"href":"https:\/\/golden-doctor.com\/index.php\/wp-json\/wp\/v2\/pages"}],"about":[{"href":"https:\/\/golden-doctor.com\/index.php\/wp-json\/wp\/v2\/types\/page"}],"author":[{"embeddable":true,"href":"https:\/\/golden-doctor.com\/index.php\/wp-json\/wp\/v2\/users\/1"}],"replies":[{"embeddable":true,"href":"https:\/\/golden-doctor.com\/index.php\/wp-json\/wp\/v2\/comments?post=75"}],"version-history":[{"count":1,"href":"https:\/\/golden-doctor.com\/index.php\/wp-json\/wp\/v2\/pages\/75\/revisions"}],"predecessor-version":[{"id":76,"href":"https:\/\/golden-doctor.com\/index.php\/wp-json\/wp\/v2\/pages\/75\/revisions\/76"}],"wp:attachment":[{"href":"https:\/\/golden-doctor.com\/index.php\/wp-json\/wp\/v2\/media?parent=75"}],"curies":[{"name":"wp","href":"https:\/\/api.w.org\/{rel}","templated":true}]}}