{"id":78,"date":"2024-02-11T00:37:50","date_gmt":"2024-02-10T21:37:50","guid":{"rendered":"https:\/\/golden-doctor.com\/?page_id=78"},"modified":"2024-02-11T00:37:50","modified_gmt":"2024-02-10T21:37:50","slug":"gizlilik-ve-guvenlik-kosullari","status":"publish","type":"page","link":"https:\/\/golden-doctor.com\/index.php\/gizlilik-ve-guvenlik-kosullari\/","title":{"rendered":"Gizlilik ve G\u00fcvenlik Ko\u015fullar\u0131"},"content":{"rendered":"\n<h1 class=\"wp-block-heading\">Gizlilik &amp; G\u00fcvenlik Politikas\u0131<\/h1>\n\n\n\n<h5 class=\"wp-block-heading\">Ki\u015fisel bilgilerinizin gizlili\u011fi ve g\u00fcvenli\u011fi<\/h5>\n\n\n\n<p>\u015eirketimiz ve\/veya \u00e7al\u0131\u015ft\u0131\u011f\u0131m\u0131z markalar taraf\u0131ndan analiz edilerek size \u00f6zel reklam, kampanya ve di\u011fer faydalar\u0131n sunulmas\u0131, izin tercihleriniz do\u011frultusunda ticari elektronik ileti g\u00f6nderilebilmesi, posta iletilmesi, anket ve tele sat\u0131\u015f uygulamalar\u0131, bir tak\u0131m kullan\u0131m verilerinizin raporlanmas\u0131 ve de\u011ferlendirilmesi , istatistiki analizler yap\u0131lmas\u0131, \u015eirketimizin ve \u015eirketimizle i\u015f ili\u015fkisi i\u00e7erisinde olan ki\u015filerin hukuki ve ticari g\u00fcvenli\u011finin temini, ticari, ve i\u015f stratejilerinin belirlenmesi ve uygulanmas\u0131 ile \u015eirketimizin insan kaynaklar\u0131 politikalar\u0131n\u0131n y\u00fcr\u00fct\u00fclmesinin temini ama\u00e7lar\u0131yla \u00fcye i\u015fyerlerimize, i\u015f ortaklar\u0131m\u0131za, \u00e7al\u0131\u015ft\u0131\u011f\u0131m\u0131z markalara, hissedarlar\u0131m\u0131za, kanunen yetkili kamu kurumu ve \u00f6zel ki\u015filere , KVKK\u2019n\u0131n 8. Ve 9. Maddelerinde belirtilen ki\u015fisel veri i\u015fleme \u015fartlar\u0131 ve ama\u00e7lar\u0131 \u00e7er\u00e7evesinde aktar\u0131labilecektir. Ki\u015fisel verileriniz gerekli g\u00fcvenlik \u00f6nlemlerinin al\u0131nmas\u0131 ile yukar\u0131da bahsedilen ama\u00e7lar\u0131n ger\u00e7ekle\u015ftirilmesi i\u00e7in yurti\u00e7inde tutulabilece\u011fi gibi yurtd\u0131\u015f\u0131na da aktar\u0131labilecektir.<br>Ki\u015fisel verileriniz, y\u00fcr\u00fcrl\u00fckteki mevzuata uygun \u015fekilde; \u015eirketimiz, Ortaklar\u0131m\u0131z, Grup \u015eirketlerimiz, i\u015ftiraklerimiz, \u015fube ve irtibat b\u00fcrolar\u0131m\u0131z, i\u015f birli\u011fi yapt\u0131\u011f\u0131m\u0131z ya da s\u00f6zle\u015fme ili\u015fkisi bulunan \u00e7\u00f6z\u00fcm ortaklar\u0131m\u0131z, markalar\u0131m\u0131z gibi kanallar arac\u0131l\u0131\u011f\u0131yla s\u00f6zl\u00fc, yaz\u0131l\u0131 ya da elektronik ortamda toplanabilir, bilgileriniz bu 3.\u015fah\u0131s firmalarca da mevzuata ayk\u0131r\u0131 olmamak \u015fart\u0131yla i\u015flenebilir. Bu konuda onay vermemeniz durumunda bunu her an bildirebilirsiniz; biz de bilgilerinizi gerekti\u011fi \u015fekilde eri\u015fime kapal\u0131 tutar\u0131z. Ancak bunu kabul etmemeniz baz\u0131 durumlarda hizmetlerimizde i\u015flevlerin k\u0131s\u0131tlanmas\u0131na yol a\u00e7abilir.<br><\/p>\n\n\n\n<p><a href=\"https:\/\/golden-doctor.com\/\">golden-doctor.com<\/a>, e-posta adresleri ve \u00fcyelik formlar\u0131nda istedi\u011fi ki\u015fisel bilgilerin haricinde site kullan\u0131m\u0131 s\u0131ras\u0131nda izledi\u011fi, ziyaret\u00e7i hareket ve tercihlerini analiz ederek yorumlamaktad\u0131r. Ki\u015fisel bilgiler i\u00e7ermeyen bu istatistiksel veriler, Dermokozmetika.com.tr m\u00fc\u015fterilerine daha \u00f6zel ve etkin bir al\u0131\u015fveri\u015f deneyimi ya\u015fatmak amac\u0131yla <a href=\"https:\/\/golden-doctor.com\/\">golden-doctor.com<\/a> i\u015f ortaklar\u0131 ile payla\u015f\u0131labilmektedir.<\/p>\n\n\n\n<h5 class=\"wp-block-heading\">G\u00fcvenli al\u0131\u015fveri\u015f<\/h5>\n\n\n\n<p>Sitemizde 128 Bit SSL (Secure Sockets Layer) G\u00fcvenlik Sertifikas\u0131 kullan\u0131lmaktad\u0131r. 128 bit SSL sertifikam\u0131z sayesinde ki\u015fisel bilgileriniz \u015fifrelendi\u011finden 3.\u015fah\u0131slar\u0131n ellerine ge\u00e7mesi tamam\u0131 ile engellenmi\u015ftir. A\u015fa\u011f\u0131daki ba\u011flant\u0131ya t\u0131klayarak sitemizdeki g\u00fcvenlik sertifikas\u0131n\u0131 sorgulatabilmeniz m\u00fcmk\u00fcnd\u00fcr. https:\/\/golden-doctor.com\/ \u00d6deme sayfas\u0131nda istenen kredi kart\u0131 bilgileriniz, siteden al\u0131\u015fveri\u015f yapan siz de\u011ferli m\u00fc\u015fterilerimizin g\u00fcvenli\u011fini en \u00fcst seviyede tutmak amac\u0131yla hi\u00e7bir \u015fekilde golden-doctor.com veya ona hizmet veren \u015firketlerin sunucular\u0131nda tutulmamaktad\u0131r. Bu \u015fekilde \u00f6demeye y\u00f6nelik t\u00fcm i\u015flemlerin golden-doctor.com aray\u00fcz\u00fc \u00fczerinden banka ve bilgisayar\u0131n\u0131z aras\u0131nda ger\u00e7ekle\u015fmesi sa\u011flanmaktad\u0131r.Her t\u00fcrl\u00fc sorunuz i\u00e7in, info@golden-doctor.com veya 0 312 440 40 50 no\u2019 lu \u00e7a\u011fr\u0131 merkezinden mesai saatleri dahilinde bize ula\u015fabilirsiniz.<\/p>\n","protected":false},"excerpt":{"rendered":"<p>Gizlilik &amp; G\u00fcvenlik Politikas\u0131 Ki\u015fisel bilgilerinizin gizlili\u011fi ve g\u00fcvenli\u011fi \u015eirketimiz ve\/veya \u00e7al\u0131\u015ft\u0131\u011f\u0131m\u0131z markalar taraf\u0131ndan analiz edilerek size \u00f6zel reklam, kampanya ve di\u011fer faydalar\u0131n sunulmas\u0131, izin tercihleriniz do\u011frultusunda ticari elektronik ileti g\u00f6nderilebilmesi, posta iletilmesi, anket ve tele sat\u0131\u015f uygulamalar\u0131, bir tak\u0131m kullan\u0131m verilerinizin raporlanmas\u0131 ve de\u011ferlendirilmesi , istatistiki analizler yap\u0131lmas\u0131, \u015eirketimizin ve \u015eirketimizle i\u015f ili\u015fkisi i\u00e7erisinde&#8230;<\/p>\n","protected":false},"author":1,"featured_media":0,"parent":0,"menu_order":0,"comment_status":"closed","ping_status":"closed","template":"","meta":{"_kadence_starter_templates_imported_post":false,"_kad_post_transparent":"","_kad_post_title":"","_kad_post_layout":"","_kad_post_sidebar_id":"","_kad_post_content_style":"","_kad_post_vertical_padding":"","_kad_post_feature":"","_kad_post_feature_position":"","_kad_post_header":false,"_kad_post_footer":false,"footnotes":""},"_links":{"self":[{"href":"https:\/\/golden-doctor.com\/index.php\/wp-json\/wp\/v2\/pages\/78"}],"collection":[{"href":"https:\/\/golden-doctor.com\/index.php\/wp-json\/wp\/v2\/pages"}],"about":[{"href":"https:\/\/golden-doctor.com\/index.php\/wp-json\/wp\/v2\/types\/page"}],"author":[{"embeddable":true,"href":"https:\/\/golden-doctor.com\/index.php\/wp-json\/wp\/v2\/users\/1"}],"replies":[{"embeddable":true,"href":"https:\/\/golden-doctor.com\/index.php\/wp-json\/wp\/v2\/comments?post=78"}],"version-history":[{"count":1,"href":"https:\/\/golden-doctor.com\/index.php\/wp-json\/wp\/v2\/pages\/78\/revisions"}],"predecessor-version":[{"id":79,"href":"https:\/\/golden-doctor.com\/index.php\/wp-json\/wp\/v2\/pages\/78\/revisions\/79"}],"wp:attachment":[{"href":"https:\/\/golden-doctor.com\/index.php\/wp-json\/wp\/v2\/media?parent=78"}],"curies":[{"name":"wp","href":"https:\/\/api.w.org\/{rel}","templated":true}]}}