{"id":95,"date":"2024-02-11T01:25:00","date_gmt":"2024-02-10T22:25:00","guid":{"rendered":"https:\/\/golden-doctor.com\/?post_type=product&#038;p=95"},"modified":"2025-12-17T18:53:11","modified_gmt":"2025-12-17T15:53:11","slug":"doktor-ozon-kantaronlu-ozon-yagi","status":"publish","type":"product","link":"https:\/\/golden-doctor.com\/index.php\/urun\/doktor-ozon-kantaronlu-ozon-yagi\/","title":{"rendered":"DOKTOR OZON KANTARONLU OZON YA\u011eI"},"content":{"rendered":"<p style=\"font-weight: 400;\"><strong>Ozon ya\u011f\u0131<\/strong> \u00a0hakk\u0131nda bilgilerden \u00f6nce ozon(o3) nedir oksijen atomundan meydana gelen bir gazd\u0131r. Bile\u015fi\u011fi sabit olmad\u0131\u011f\u0131 i\u00e7in \u00e7abucak oksijene d\u00f6n\u00fc\u015f\u00fcr. Atmosferde do\u011fal olarak bulunan bir gazd\u0131r. \u00a0 Gaz\u0131 havada d\u00fc\u015fen y\u0131ld\u0131r\u0131mlar sonucu olu\u015fur. Do\u011fal \u00a0 olarakta gaz\u0131 suni olarak \u00a0 \u00fcretilememektedir.\u00a0 Do\u011fal \u00e7evremizde var olan ozonu, genellikle bizi atmosferdeki zararl\u0131 Uv \u0131\u015f\u0131nlar\u0131ndan koruyan \u00f6zelli\u011fi ile tan\u0131r\u0131z. Uv \u0131\u015f\u0131nlar\u0131ndan korudu\u011fu gibi; di\u011fer pek \u00e7ok alanda ya\u015fam kalitemizi y\u00fckseltir. Y\u00fcksek oksidasyon g\u00fcc\u00fcne sahip kokulu bir gazd\u0131r. Kuvvetli oksitleyici ve bakteri \u00f6ld\u00fcr\u00fcc\u00fc niteliklerinin olmas\u0131 d\u00fcnyan\u0131n bir \u00e7ok \u00fclkesinde sa\u011fl\u0131\u011f\u0131n yan\u0131 s\u0131ra, hava temizlenmesinde, sudaki mikroplar\u0131 \u00f6ld\u00fcrme ve at\u0131k maddeleri temizlemede, i\u00e7me suyunun ar\u0131t\u0131lmas\u0131nda, k\u00f6t\u00fc kokulu gazlar\u0131n kokular\u0131n\u0131 gidermede, kuma\u015flar\u0131n a\u011fart\u0131lmas\u0131nda, yiyecek ve i\u00e7eceklerdeki bakterilerin \u00f6ld\u00fcr\u00fclmesi gibi g\u0131da sanayinde de kullan\u0131l\u0131r.<\/p>\n<p>Nas\u0131l \u00dcretilir?<\/p>\n<p><a href=\"https:\/\/www.doktorf.com.tr\/\">Doktor f<\/a> \u00a0ozon ya\u011f\u0131 y\u00fcksek yo\u011funla\u015fm\u0131\u015f medikal ozon gaz\u0131n\u0131n belirli h\u0131z ve s\u00fcrede; saf, organik ve asit derecesi olduk\u00e7a d\u00fc\u015f\u00fck \u00f6zel bir zeytinya\u011f\u0131ndan ge\u00e7irilmesi ile \u00fcretilir. Doymam\u0131\u015f ya\u011f asitleri reaksiyona girerek oksijen y\u00f6n\u00fcnden zengin ba\u011f\u0131\u015f\u0131kl\u0131k sistemini harekete ge\u00e7iren ve anti-efektif etkileri \u00e7ok y\u00fcksek olan peroksitlere d\u00f6n\u00fc\u015f\u00fcr. Do\u011fal bir \u00fcr\u00fcn olan bu ya\u011f; i\u00e7eri\u011finde hi\u00e7bir katk\u0131 maddesi i\u00e7ermez. Ho\u015f kokusunu %100 do\u011fal bir kar\u0131\u015f\u0131mdan al\u0131r.<\/p>\n<p>Uygulan\u0131\u015f\u0131:<\/p>\n<p>Cilde masaj e\u015fli\u011finde uygulan\u0131r. Uygulanan b\u00f6lgede kolayl\u0131kla emilir ve h\u00fccre\u00a0 boyutunda temizlik i\u015flemine ba\u015flar. \u00a0 Ozon ya\u011f\u0131 \u00a0y\u00fcz, boyun, abdomen ve uyluklardaki belirli aktif noktalara uygulanarak kan ak\u0131\u015f\u0131n\u0131 artt\u0131r\u0131r ve h\u00fccreler daha ge\u00e7 ya\u015flan\u0131r.<\/p>\n","protected":false},"excerpt":{"rendered":"<p>Ozon ya\u011f\u0131 \u00a0hakk\u0131nda bilgilerden \u00f6nce ozon(o3) nedir oksijen atomundan meydana gelen bir gazd\u0131r. Bile\u015fi\u011fi sabit olmad\u0131\u011f\u0131 i\u00e7in \u00e7abucak oksijene d\u00f6n\u00fc\u015f\u00fcr. Atmosferde do\u011fal olarak bulunan bir gazd\u0131r. \u00a0 Gaz\u0131 havada d\u00fc\u015fen y\u0131ld\u0131r\u0131mlar sonucu olu\u015fur. Do\u011fal \u00a0 olarakta gaz\u0131 suni olarak \u00a0 \u00fcretilememektedir.\u00a0 Do\u011fal \u00e7evremizde var olan ozonu, genellikle bizi atmosferdeki zararl\u0131 Uv \u0131\u015f\u0131nlar\u0131ndan koruyan \u00f6zelli\u011fi ile&#8230;<\/p>\n","protected":false},"featured_media":101,"comment_status":"open","ping_status":"closed","template":"","meta":{"_kadence_starter_templates_imported_post":false,"_kad_post_transparent":"default","_kad_post_title":"","_kad_post_layout":"default","_kad_post_sidebar_id":"","_kad_post_content_style":"default","_kad_post_vertical_padding":"default","_kad_post_feature":"","_kad_post_feature_position":"","_kad_post_header":false,"_kad_post_footer":false},"product_cat":[29,28,31,24,44,30,33,32],"product_tag":[],"_links":{"self":[{"href":"https:\/\/golden-doctor.com\/index.php\/wp-json\/wp\/v2\/product\/95"}],"collection":[{"href":"https:\/\/golden-doctor.com\/index.php\/wp-json\/wp\/v2\/product"}],"about":[{"href":"https:\/\/golden-doctor.com\/index.php\/wp-json\/wp\/v2\/types\/product"}],"replies":[{"embeddable":true,"href":"https:\/\/golden-doctor.com\/index.php\/wp-json\/wp\/v2\/comments?post=95"}],"wp:featuredmedia":[{"embeddable":true,"href":"https:\/\/golden-doctor.com\/index.php\/wp-json\/wp\/v2\/media\/101"}],"wp:attachment":[{"href":"https:\/\/golden-doctor.com\/index.php\/wp-json\/wp\/v2\/media?parent=95"}],"wp:term":[{"taxonomy":"product_cat","embeddable":true,"href":"https:\/\/golden-doctor.com\/index.php\/wp-json\/wp\/v2\/product_cat?post=95"},{"taxonomy":"product_tag","embeddable":true,"href":"https:\/\/golden-doctor.com\/index.php\/wp-json\/wp\/v2\/product_tag?post=95"}],"curies":[{"name":"wp","href":"https:\/\/api.w.org\/{rel}","templated":true}]}}